{"id":291,"date":"2014-03-17T14:36:49","date_gmt":"2014-03-17T13:36:49","guid":{"rendered":"https:\/\/apps.atilf.fr\/reseaultf\/?page_id=291"},"modified":"2016-11-27T13:42:53","modified_gmt":"2016-11-27T12:42:53","slug":"rencontres","status":"publish","type":"page","link":"https:\/\/reseaultf.atilf.fr\/?page_id=291","title":{"rendered":"Rencontres"},"content":{"rendered":"<p>Dans cette partie, vous trouverez des informations sur les <a href=\"https:\/\/reseaultf.atilf.fr\/?cat=11\">s\u00e9minaires<\/a> organis\u00e9s par le r\u00e9seau.<\/p>\n<p>Les membres du r\u00e9seau peuvent aussi avoir acc\u00e8s aux outils internes.<\/p>\n","protected":false},"excerpt":{"rendered":"<p>Dans cette partie, vous trouverez des informations sur les s\u00e9minaires organis\u00e9s par le r\u00e9seau. Les membres du r\u00e9seau peuvent aussi avoir acc\u00e8s aux outils internes.<\/p>\n","protected":false},"author":2,"featured_media":0,"parent":0,"menu_order":0,"comment_status":"closed","ping_status":"open","template":"sidebar-page.php","meta":{"footnotes":""},"class_list":["post-291","page","type-page","status-publish","hentry"],"_links":{"self":[{"href":"https:\/\/reseaultf.atilf.fr\/index.php?rest_route=\/wp\/v2\/pages\/291","targetHints":{"allow":["GET"]}}],"collection":[{"href":"https:\/\/reseaultf.atilf.fr\/index.php?rest_route=\/wp\/v2\/pages"}],"about":[{"href":"https:\/\/reseaultf.atilf.fr\/index.php?rest_route=\/wp\/v2\/types\/page"}],"author":[{"embeddable":true,"href":"https:\/\/reseaultf.atilf.fr\/index.php?rest_route=\/wp\/v2\/users\/2"}],"replies":[{"embeddable":true,"href":"https:\/\/reseaultf.atilf.fr\/index.php?rest_route=%2Fwp%2Fv2%2Fcomments&post=291"}],"version-history":[{"count":6,"href":"https:\/\/reseaultf.atilf.fr\/index.php?rest_route=\/wp\/v2\/pages\/291\/revisions"}],"predecessor-version":[{"id":848,"href":"https:\/\/reseaultf.atilf.fr\/index.php?rest_route=\/wp\/v2\/pages\/291\/revisions\/848"}],"wp:attachment":[{"href":"https:\/\/reseaultf.atilf.fr\/index.php?rest_route=%2Fwp%2Fv2%2Fmedia&parent=291"}],"curies":[{"name":"wp","href":"https:\/\/api.w.org\/{rel}","templated":true}]}}