{"id":1622,"date":"2023-06-27T14:06:46","date_gmt":"2023-06-27T13:06:46","guid":{"rendered":"https:\/\/reseaultf.atilf.fr\/?page_id=1622"},"modified":"2023-06-27T14:09:20","modified_gmt":"2023-06-27T13:09:20","slug":"presentation-du-du-fl2i","status":"publish","type":"page","link":"https:\/\/reseaultf.atilf.fr\/?page_id=1622","title":{"rendered":"Pr\u00e9sentation du DU FL2I"},"content":{"rendered":"\t\t<div data-elementor-type=\"wp-page\" data-elementor-id=\"1622\" class=\"elementor elementor-1622\">\n\t\t\t\t\t\t<section class=\"elementor-section elementor-top-section elementor-element elementor-element-23fb146 elementor-section-boxed elementor-section-height-default elementor-section-height-default\" data-id=\"23fb146\" data-element_type=\"section\" data-e-type=\"section\">\n\t\t\t\t\t\t<div class=\"elementor-container elementor-column-gap-default\">\n\t\t\t\t\t<div class=\"elementor-column elementor-col-100 elementor-top-column elementor-element elementor-element-0a44251\" data-id=\"0a44251\" data-element_type=\"column\" data-e-type=\"column\">\n\t\t\t<div class=\"elementor-widget-wrap elementor-element-populated\">\n\t\t\t\t\t\t<div class=\"elementor-element elementor-element-5cf36ef elementor-widget elementor-widget-text-editor\" data-id=\"5cf36ef\" data-element_type=\"widget\" data-e-type=\"widget\" data-widget_type=\"text-editor.default\">\n\t\t\t\t<div class=\"elementor-widget-container\">\n\t\t\t\t\t\t\t\t\t<p>Le Dipl\u00f4me Universitaire <strong>Fran\u00e7ais Langue d&rsquo;Int\u00e9gration et d&rsquo;Insertion.<\/strong><\/p><p><strong>Pour qui ? <\/strong><\/p><ul><li>Professionnels du secteur de l\u2019enseignement\/apprentissage du fran\u00e7ais aux migrants : formateurs, coordinateurs p\u00e9dagogiques, responsables de formation ;<\/li><li>Professionnels du secteur de la formation des adultes en insertion sociale ou professionnelle ;<\/li><li>Professionnels du secteur de l\u2019int\u00e9gration sociale des migrants ;<\/li><li>B\u00e9n\u00e9voles intervenant en formation linguistique pour les migrants et les personnes en situation d\u2019illettrisme ;<\/li><li>\u00c9tudiants issus de la formation initiale en didactique des langues et souhaitant se sp\u00e9cialiser en FL2I.<\/li><\/ul>\t\t\t\t\t\t\t\t<\/div>\n\t\t\t\t<\/div>\n\t\t\t\t\t<\/div>\n\t\t<\/div>\n\t\t\t\t\t<\/div>\n\t\t<\/section>\n\t\t\t\t<section class=\"elementor-section elementor-top-section elementor-element elementor-element-8bb9448 elementor-section-boxed elementor-section-height-default elementor-section-height-default\" data-id=\"8bb9448\" data-element_type=\"section\" data-e-type=\"section\">\n\t\t\t\t\t\t<div class=\"elementor-container elementor-column-gap-default\">\n\t\t\t\t\t<div class=\"elementor-column elementor-col-50 elementor-top-column elementor-element elementor-element-4ad7190\" data-id=\"4ad7190\" data-element_type=\"column\" data-e-type=\"column\">\n\t\t\t<div class=\"elementor-widget-wrap elementor-element-populated\">\n\t\t\t\t\t\t<div class=\"elementor-element elementor-element-2f6ab3b elementor-widget elementor-widget-text-editor\" data-id=\"2f6ab3b\" data-element_type=\"widget\" data-e-type=\"widget\" data-widget_type=\"text-editor.default\">\n\t\t\t\t<div class=\"elementor-widget-container\">\n\t\t\t\t\t\t\t\t\t<p style=\"text-align: right;\">Voir la plaquette<\/p>\t\t\t\t\t\t\t\t<\/div>\n\t\t\t\t<\/div>\n\t\t\t\t\t<\/div>\n\t\t<\/div>\n\t\t\t\t<div class=\"elementor-column elementor-col-50 elementor-top-column elementor-element elementor-element-39b445e\" data-id=\"39b445e\" data-element_type=\"column\" data-e-type=\"column\">\n\t\t\t<div class=\"elementor-widget-wrap elementor-element-populated\">\n\t\t\t\t\t\t<div class=\"elementor-element elementor-element-b3ba333 elementor-widget elementor-widget-image\" data-id=\"b3ba333\" data-element_type=\"widget\" data-e-type=\"widget\" data-widget_type=\"image.default\">\n\t\t\t\t<div class=\"elementor-widget-container\">\n\t\t\t\t\t\t\t\t\t\t\t\t\t\t\t\t<a href=\"https:\/\/fli.atilf.fr\/wp-content\/uploads\/2022\/05\/Plaquette-DU-FL2I-2022-2023_0.pdf\" class=\"mtli_attachment mtli_pdf\" target=\"_blank\">\n\t\t\t\t\t\t\t<img decoding=\"async\" width=\"180\" height=\"248\" src=\"https:\/\/reseaultf.atilf.fr\/wp-content\/uploads\/2023\/06\/Capture-decran-2023-06-27-a-15.06.17.png\" class=\"attachment-large size-large wp-image-1624\" alt=\"\" \/>\t\t\t\t\t\t\t\t<\/a>\n\t\t\t\t\t\t\t\t\t\t\t\t\t\t\t<\/div>\n\t\t\t\t<\/div>\n\t\t\t\t\t<\/div>\n\t\t<\/div>\n\t\t\t\t\t<\/div>\n\t\t<\/section>\n\t\t\t\t<\/div>\n\t\t","protected":false},"excerpt":{"rendered":"<p>Le Dipl\u00f4me Universitaire Fran\u00e7ais Langue d&rsquo;Int\u00e9gration et d&rsquo;Insertion. Pour qui ? Professionnels du secteur de l\u2019enseignement\/apprentissage du fran\u00e7ais aux migrants : formateurs, coordinateurs p\u00e9dagogiques, responsables de formation ; Professionnels du secteur de la formation des adultes en insertion sociale ou &hellip; <a href=\"https:\/\/reseaultf.atilf.fr\/?page_id=1622\">Continuer la lecture <span class=\"meta-nav\">&rarr;<\/span><\/a><\/p>\n","protected":false},"author":2,"featured_media":0,"parent":0,"menu_order":0,"comment_status":"closed","ping_status":"closed","template":"","meta":{"footnotes":""},"class_list":["post-1622","page","type-page","status-publish","hentry"],"_links":{"self":[{"href":"https:\/\/reseaultf.atilf.fr\/index.php?rest_route=\/wp\/v2\/pages\/1622","targetHints":{"allow":["GET"]}}],"collection":[{"href":"https:\/\/reseaultf.atilf.fr\/index.php?rest_route=\/wp\/v2\/pages"}],"about":[{"href":"https:\/\/reseaultf.atilf.fr\/index.php?rest_route=\/wp\/v2\/types\/page"}],"author":[{"embeddable":true,"href":"https:\/\/reseaultf.atilf.fr\/index.php?rest_route=\/wp\/v2\/users\/2"}],"replies":[{"embeddable":true,"href":"https:\/\/reseaultf.atilf.fr\/index.php?rest_route=%2Fwp%2Fv2%2Fcomments&post=1622"}],"version-history":[{"count":7,"href":"https:\/\/reseaultf.atilf.fr\/index.php?rest_route=\/wp\/v2\/pages\/1622\/revisions"}],"predecessor-version":[{"id":1631,"href":"https:\/\/reseaultf.atilf.fr\/index.php?rest_route=\/wp\/v2\/pages\/1622\/revisions\/1631"}],"wp:attachment":[{"href":"https:\/\/reseaultf.atilf.fr\/index.php?rest_route=%2Fwp%2Fv2%2Fmedia&parent=1622"}],"curies":[{"name":"wp","href":"https:\/\/api.w.org\/{rel}","templated":true}]}}