{"id":1585,"date":"2023-06-27T13:24:15","date_gmt":"2023-06-27T12:24:15","guid":{"rendered":"https:\/\/reseaultf.atilf.fr\/?page_id=1585"},"modified":"2023-06-27T14:59:41","modified_gmt":"2023-06-27T13:59:41","slug":"partenaires-professionnels","status":"publish","type":"page","link":"https:\/\/reseaultf.atilf.fr\/?page_id=1585","title":{"rendered":"Partenaires professionnels"},"content":{"rendered":"\t\t<div data-elementor-type=\"wp-page\" data-elementor-id=\"1585\" class=\"elementor elementor-1585\">\n\t\t\t\t\t\t<section class=\"elementor-section elementor-top-section elementor-element elementor-element-cc6dc7e elementor-section-boxed elementor-section-height-default elementor-section-height-default\" data-id=\"cc6dc7e\" data-element_type=\"section\" data-e-type=\"section\">\n\t\t\t\t\t\t<div class=\"elementor-container elementor-column-gap-default\">\n\t\t\t\t\t<div class=\"elementor-column elementor-col-100 elementor-top-column elementor-element elementor-element-76ae9b4\" data-id=\"76ae9b4\" data-element_type=\"column\" data-e-type=\"column\">\n\t\t\t<div class=\"elementor-widget-wrap elementor-element-populated\">\n\t\t\t\t\t\t<div class=\"elementor-element elementor-element-9af20a2 elementor-widget elementor-widget-text-editor\" data-id=\"9af20a2\" data-element_type=\"widget\" data-e-type=\"widget\" data-widget_type=\"text-editor.default\">\n\t\t\t\t<div class=\"elementor-widget-container\">\n\t\t\t\t\t\t\t\t\t<p style=\"text-align: justify;\">Le groupe Langage, Travail et Formation entretient des contacts r\u00e9guliers avec des partenaires professionnels de la formation d&rsquo;adultes. Ces partenariats concernent des <a href=\"https:\/\/reseaultf.atilf.fr\/?page_id=1307\">projets de recherche, de l&rsquo;ing\u00e9nierie didactique ou bien encore de la formation de formateurs<\/a>. Certains de nos partenaires accueillent en stage des \u00e9tudiants du Master Fran\u00e7ais Langue \u00c9trang\u00e8re de Nancy. Ces liens avec nos partenaires nous permettent d&rsquo;\u00eatre en rapports \u00e9troits et r\u00e9guliers avec le terrain de la formation d&rsquo;adultes.<\/p>\t\t\t\t\t\t\t\t<\/div>\n\t\t\t\t<\/div>\n\t\t\t\t\t<\/div>\n\t\t<\/div>\n\t\t\t\t\t<\/div>\n\t\t<\/section>\n\t\t\t\t<section class=\"elementor-section elementor-top-section elementor-element elementor-element-9a5a2de elementor-section-boxed elementor-section-height-default elementor-section-height-default\" data-id=\"9a5a2de\" data-element_type=\"section\" data-e-type=\"section\">\n\t\t\t\t\t\t<div class=\"elementor-container elementor-column-gap-default\">\n\t\t\t\t\t<div class=\"elementor-column elementor-col-33 elementor-top-column elementor-element elementor-element-d8db34c\" data-id=\"d8db34c\" data-element_type=\"column\" data-e-type=\"column\">\n\t\t\t<div class=\"elementor-widget-wrap elementor-element-populated\">\n\t\t\t\t\t\t<div class=\"elementor-element elementor-element-5b9a175 elementor-widget elementor-widget-image\" data-id=\"5b9a175\" data-element_type=\"widget\" data-e-type=\"widget\" data-widget_type=\"image.default\">\n\t\t\t\t<div class=\"elementor-widget-container\">\n\t\t\t\t\t\t\t\t\t\t\t\t\t\t\t\t<a href=\"https:\/\/ams-grandsud.fr\/\" target=\"_blank\">\n\t\t\t\t\t\t\t<img fetchpriority=\"high\" decoding=\"async\" width=\"584\" height=\"340\" src=\"https:\/\/reseaultf.atilf.fr\/wp-content\/uploads\/2023\/06\/AMS.png\" class=\"attachment-large size-large wp-image-1587\" alt=\"\" srcset=\"https:\/\/reseaultf.atilf.fr\/wp-content\/uploads\/2023\/06\/AMS.png 768w, https:\/\/reseaultf.atilf.fr\/wp-content\/uploads\/2023\/06\/AMS-300x175.png 300w, https:\/\/reseaultf.atilf.fr\/wp-content\/uploads\/2023\/06\/AMS-500x291.png 500w\" sizes=\"(max-width: 584px) 100vw, 584px\" \/>\t\t\t\t\t\t\t\t<\/a>\n\t\t\t\t\t\t\t\t\t\t\t\t\t\t\t<\/div>\n\t\t\t\t<\/div>\n\t\t\t\t\t<\/div>\n\t\t<\/div>\n\t\t\t\t<div class=\"elementor-column elementor-col-33 elementor-top-column elementor-element elementor-element-142a800\" data-id=\"142a800\" data-element_type=\"column\" data-e-type=\"column\">\n\t\t\t<div class=\"elementor-widget-wrap elementor-element-populated\">\n\t\t\t\t\t\t<div class=\"elementor-element elementor-element-63fb099 elementor-widget elementor-widget-image\" data-id=\"63fb099\" data-element_type=\"widget\" data-e-type=\"widget\" data-widget_type=\"image.default\">\n\t\t\t\t<div class=\"elementor-widget-container\">\n\t\t\t\t\t\t\t\t\t\t\t\t\t\t\t\t<a href=\"https:\/\/cefil.org\/\" target=\"_blank\">\n\t\t\t\t\t\t\t<img decoding=\"async\" width=\"392\" height=\"242\" src=\"https:\/\/reseaultf.atilf.fr\/wp-content\/uploads\/2023\/06\/AVEC.webp\" class=\"attachment-large size-large wp-image-1592\" alt=\"\" srcset=\"https:\/\/reseaultf.atilf.fr\/wp-content\/uploads\/2023\/06\/AVEC.webp 392w, https:\/\/reseaultf.atilf.fr\/wp-content\/uploads\/2023\/06\/AVEC-300x185.webp 300w\" sizes=\"(max-width: 392px) 100vw, 392px\" \/>\t\t\t\t\t\t\t\t<\/a>\n\t\t\t\t\t\t\t\t\t\t\t\t\t\t\t<\/div>\n\t\t\t\t<\/div>\n\t\t\t\t\t<\/div>\n\t\t<\/div>\n\t\t\t\t<div class=\"elementor-column elementor-col-33 elementor-top-column elementor-element elementor-element-08a3120\" data-id=\"08a3120\" data-element_type=\"column\" data-e-type=\"column\">\n\t\t\t<div class=\"elementor-widget-wrap elementor-element-populated\">\n\t\t\t\t\t\t<div class=\"elementor-element elementor-element-24783cb elementor-widget elementor-widget-image\" data-id=\"24783cb\" data-element_type=\"widget\" data-e-type=\"widget\" data-widget_type=\"image.default\">\n\t\t\t\t<div class=\"elementor-widget-container\">\n\t\t\t\t\t\t\t\t\t\t\t\t\t\t\t\t<a href=\"https:\/\/cefil.org\/\" target=\"_blank\">\n\t\t\t\t\t\t\t<img decoding=\"async\" width=\"584\" height=\"228\" src=\"https:\/\/reseaultf.atilf.fr\/wp-content\/uploads\/2023\/06\/Cefil-1024x400.png\" class=\"attachment-large size-large wp-image-1588\" alt=\"\" srcset=\"https:\/\/reseaultf.atilf.fr\/wp-content\/uploads\/2023\/06\/Cefil-1024x400.png 1024w, https:\/\/reseaultf.atilf.fr\/wp-content\/uploads\/2023\/06\/Cefil-300x117.png 300w, https:\/\/reseaultf.atilf.fr\/wp-content\/uploads\/2023\/06\/Cefil-768x300.png 768w, https:\/\/reseaultf.atilf.fr\/wp-content\/uploads\/2023\/06\/Cefil-1536x600.png 1536w, https:\/\/reseaultf.atilf.fr\/wp-content\/uploads\/2023\/06\/Cefil-500x195.png 500w, https:\/\/reseaultf.atilf.fr\/wp-content\/uploads\/2023\/06\/Cefil.png 1624w\" sizes=\"(max-width: 584px) 100vw, 584px\" \/>\t\t\t\t\t\t\t\t<\/a>\n\t\t\t\t\t\t\t\t\t\t\t\t\t\t\t<\/div>\n\t\t\t\t<\/div>\n\t\t\t\t\t<\/div>\n\t\t<\/div>\n\t\t\t\t\t<\/div>\n\t\t<\/section>\n\t\t\t\t<section class=\"elementor-section elementor-top-section elementor-element elementor-element-223c2ed elementor-section-boxed elementor-section-height-default elementor-section-height-default\" data-id=\"223c2ed\" data-element_type=\"section\" data-e-type=\"section\">\n\t\t\t\t\t\t<div class=\"elementor-container elementor-column-gap-default\">\n\t\t\t\t\t<div class=\"elementor-column elementor-col-33 elementor-top-column elementor-element elementor-element-715b1f3\" data-id=\"715b1f3\" data-element_type=\"column\" data-e-type=\"column\">\n\t\t\t<div class=\"elementor-widget-wrap elementor-element-populated\">\n\t\t\t\t\t\t<div class=\"elementor-element elementor-element-80b0d26 elementor-widget elementor-widget-image\" data-id=\"80b0d26\" data-element_type=\"widget\" data-e-type=\"widget\" data-widget_type=\"image.default\">\n\t\t\t\t<div class=\"elementor-widget-container\">\n\t\t\t\t\t\t\t\t\t\t\t\t\t\t\t\t<a href=\"https:\/\/www.clps.net\/\" target=\"_blank\">\n\t\t\t\t\t\t\t<img loading=\"lazy\" decoding=\"async\" width=\"258\" height=\"118\" src=\"https:\/\/reseaultf.atilf.fr\/wp-content\/uploads\/2023\/06\/CLPS.jpg\" class=\"attachment-large size-large wp-image-1589\" alt=\"\" \/>\t\t\t\t\t\t\t\t<\/a>\n\t\t\t\t\t\t\t\t\t\t\t\t\t\t\t<\/div>\n\t\t\t\t<\/div>\n\t\t\t\t\t<\/div>\n\t\t<\/div>\n\t\t\t\t<div class=\"elementor-column elementor-col-33 elementor-top-column elementor-element elementor-element-f1f11f4\" data-id=\"f1f11f4\" data-element_type=\"column\" data-e-type=\"column\">\n\t\t\t<div class=\"elementor-widget-wrap elementor-element-populated\">\n\t\t\t\t\t\t<div class=\"elementor-element elementor-element-c62b05a elementor-widget elementor-widget-image\" data-id=\"c62b05a\" data-element_type=\"widget\" data-e-type=\"widget\" data-widget_type=\"image.default\">\n\t\t\t\t<div class=\"elementor-widget-container\">\n\t\t\t\t\t\t\t\t\t\t\t\t\t\t\t\t<a href=\"https:\/\/www.ihnancy.com\/\">\n\t\t\t\t\t\t\t<img loading=\"lazy\" decoding=\"async\" width=\"400\" height=\"133\" src=\"https:\/\/reseaultf.atilf.fr\/wp-content\/uploads\/2023\/06\/IHNancy.webp\" class=\"attachment-large size-large wp-image-1591\" alt=\"\" srcset=\"https:\/\/reseaultf.atilf.fr\/wp-content\/uploads\/2023\/06\/IHNancy.webp 400w, https:\/\/reseaultf.atilf.fr\/wp-content\/uploads\/2023\/06\/IHNancy-300x100.webp 300w\" sizes=\"(max-width: 400px) 100vw, 400px\" \/>\t\t\t\t\t\t\t\t<\/a>\n\t\t\t\t\t\t\t\t\t\t\t\t\t\t\t<\/div>\n\t\t\t\t<\/div>\n\t\t\t\t\t<\/div>\n\t\t<\/div>\n\t\t\t\t<div class=\"elementor-column elementor-col-33 elementor-top-column elementor-element elementor-element-868346f\" data-id=\"868346f\" data-element_type=\"column\" data-e-type=\"column\">\n\t\t\t<div class=\"elementor-widget-wrap elementor-element-populated\">\n\t\t\t\t\t\t<div class=\"elementor-element elementor-element-a626a30 elementor-widget elementor-widget-image\" data-id=\"a626a30\" data-element_type=\"widget\" data-e-type=\"widget\" data-widget_type=\"image.default\">\n\t\t\t\t<div class=\"elementor-widget-container\">\n\t\t\t\t\t\t\t\t\t\t\t\t\t\t\t\t<a href=\"https:\/\/www.ihnice.com\/fr\" target=\"_blank\">\n\t\t\t\t\t\t\t<img loading=\"lazy\" decoding=\"async\" width=\"584\" height=\"186\" src=\"https:\/\/reseaultf.atilf.fr\/wp-content\/uploads\/2023\/06\/NICE_RGB-1024x327.jpg\" class=\"attachment-large size-large wp-image-1615\" alt=\"\" srcset=\"https:\/\/reseaultf.atilf.fr\/wp-content\/uploads\/2023\/06\/NICE_RGB-1024x327.jpg 1024w, https:\/\/reseaultf.atilf.fr\/wp-content\/uploads\/2023\/06\/NICE_RGB-300x96.jpg 300w, https:\/\/reseaultf.atilf.fr\/wp-content\/uploads\/2023\/06\/NICE_RGB-768x245.jpg 768w, https:\/\/reseaultf.atilf.fr\/wp-content\/uploads\/2023\/06\/NICE_RGB-1536x490.jpg 1536w, https:\/\/reseaultf.atilf.fr\/wp-content\/uploads\/2023\/06\/NICE_RGB-2048x654.jpg 2048w, https:\/\/reseaultf.atilf.fr\/wp-content\/uploads\/2023\/06\/NICE_RGB-500x160.jpg 500w\" sizes=\"(max-width: 584px) 100vw, 584px\" \/>\t\t\t\t\t\t\t\t<\/a>\n\t\t\t\t\t\t\t\t\t\t\t\t\t\t\t<\/div>\n\t\t\t\t<\/div>\n\t\t\t\t\t<\/div>\n\t\t<\/div>\n\t\t\t\t\t<\/div>\n\t\t<\/section>\n\t\t\t\t<section class=\"elementor-section elementor-top-section elementor-element elementor-element-9578b40 elementor-section-boxed elementor-section-height-default elementor-section-height-default\" data-id=\"9578b40\" data-element_type=\"section\" data-e-type=\"section\">\n\t\t\t\t\t\t<div class=\"elementor-container elementor-column-gap-default\">\n\t\t\t\t\t<div class=\"elementor-column elementor-col-33 elementor-top-column elementor-element elementor-element-4bc742e\" data-id=\"4bc742e\" data-element_type=\"column\" data-e-type=\"column\">\n\t\t\t<div class=\"elementor-widget-wrap\">\n\t\t\t\t\t\t\t<\/div>\n\t\t<\/div>\n\t\t\t\t<div class=\"elementor-column elementor-col-33 elementor-top-column elementor-element elementor-element-d765d87\" data-id=\"d765d87\" data-element_type=\"column\" data-e-type=\"column\">\n\t\t\t<div class=\"elementor-widget-wrap elementor-element-populated\">\n\t\t\t\t\t\t<div class=\"elementor-element elementor-element-73f9499 elementor-widget elementor-widget-image\" data-id=\"73f9499\" data-element_type=\"widget\" data-e-type=\"widget\" data-widget_type=\"image.default\">\n\t\t\t\t<div class=\"elementor-widget-container\">\n\t\t\t\t\t\t\t\t\t\t\t\t\t\t\t\t<a href=\"https:\/\/www.hesio.fr\/\">\n\t\t\t\t\t\t\t<img loading=\"lazy\" decoding=\"async\" width=\"262\" height=\"92\" src=\"https:\/\/reseaultf.atilf.fr\/wp-content\/uploads\/2023\/06\/Hesio.webp\" class=\"attachment-large size-large wp-image-1590\" alt=\"\" \/>\t\t\t\t\t\t\t\t<\/a>\n\t\t\t\t\t\t\t\t\t\t\t\t\t\t\t<\/div>\n\t\t\t\t<\/div>\n\t\t\t\t\t<\/div>\n\t\t<\/div>\n\t\t\t\t<div class=\"elementor-column elementor-col-33 elementor-top-column elementor-element elementor-element-c778243\" data-id=\"c778243\" data-element_type=\"column\" data-e-type=\"column\">\n\t\t\t<div class=\"elementor-widget-wrap\">\n\t\t\t\t\t\t\t<\/div>\n\t\t<\/div>\n\t\t\t\t\t<\/div>\n\t\t<\/section>\n\t\t\t\t<\/div>\n\t\t","protected":false},"excerpt":{"rendered":"<p>Le groupe Langage, Travail et Formation entretient des contacts r\u00e9guliers avec des partenaires professionnels de la formation d&rsquo;adultes. Ces partenariats concernent des projets de recherche, de l&rsquo;ing\u00e9nierie didactique ou bien encore de la formation de formateurs. Certains de nos partenaires &hellip; <a href=\"https:\/\/reseaultf.atilf.fr\/?page_id=1585\">Continuer la lecture <span class=\"meta-nav\">&rarr;<\/span><\/a><\/p>\n","protected":false},"author":2,"featured_media":0,"parent":0,"menu_order":0,"comment_status":"closed","ping_status":"closed","template":"","meta":{"footnotes":""},"class_list":["post-1585","page","type-page","status-publish","hentry"],"_links":{"self":[{"href":"https:\/\/reseaultf.atilf.fr\/index.php?rest_route=\/wp\/v2\/pages\/1585","targetHints":{"allow":["GET"]}}],"collection":[{"href":"https:\/\/reseaultf.atilf.fr\/index.php?rest_route=\/wp\/v2\/pages"}],"about":[{"href":"https:\/\/reseaultf.atilf.fr\/index.php?rest_route=\/wp\/v2\/types\/page"}],"author":[{"embeddable":true,"href":"https:\/\/reseaultf.atilf.fr\/index.php?rest_route=\/wp\/v2\/users\/2"}],"replies":[{"embeddable":true,"href":"https:\/\/reseaultf.atilf.fr\/index.php?rest_route=%2Fwp%2Fv2%2Fcomments&post=1585"}],"version-history":[{"count":31,"href":"https:\/\/reseaultf.atilf.fr\/index.php?rest_route=\/wp\/v2\/pages\/1585\/revisions"}],"predecessor-version":[{"id":1634,"href":"https:\/\/reseaultf.atilf.fr\/index.php?rest_route=\/wp\/v2\/pages\/1585\/revisions\/1634"}],"wp:attachment":[{"href":"https:\/\/reseaultf.atilf.fr\/index.php?rest_route=%2Fwp%2Fv2%2Fmedia&parent=1585"}],"curies":[{"name":"wp","href":"https:\/\/api.w.org\/{rel}","templated":true}]}}