{"id":1307,"date":"2022-12-04T15:02:11","date_gmt":"2022-12-04T14:02:11","guid":{"rendered":"https:\/\/reseaultf.atilf.fr\/?page_id=1307"},"modified":"2025-06-26T17:33:53","modified_gmt":"2025-06-26T16:33:53","slug":"les-recherches-et-les-projets","status":"publish","type":"page","link":"https:\/\/reseaultf.atilf.fr\/?page_id=1307","title":{"rendered":"Projets"},"content":{"rendered":"\t\t<div data-elementor-type=\"wp-page\" data-elementor-id=\"1307\" class=\"elementor elementor-1307\">\n\t\t\t\t\t\t<section class=\"elementor-section elementor-top-section elementor-element elementor-element-e7a2d97 elementor-section-boxed elementor-section-height-default elementor-section-height-default\" data-id=\"e7a2d97\" data-element_type=\"section\" data-e-type=\"section\">\n\t\t\t\t\t\t<div class=\"elementor-container elementor-column-gap-default\">\n\t\t\t\t\t<div class=\"elementor-column elementor-col-100 elementor-top-column elementor-element elementor-element-ab5d908\" data-id=\"ab5d908\" data-element_type=\"column\" data-e-type=\"column\">\n\t\t\t<div class=\"elementor-widget-wrap elementor-element-populated\">\n\t\t\t\t\t\t<div class=\"elementor-element elementor-element-bdc5350 elementor-widget elementor-widget-heading\" data-id=\"bdc5350\" data-element_type=\"widget\" data-e-type=\"widget\" data-widget_type=\"heading.default\">\n\t\t\t\t<div class=\"elementor-widget-container\">\n\t\t\t\t\t<h2 class=\"elementor-heading-title elementor-size-large\">Projets en cours<\/h2>\t\t\t\t<\/div>\n\t\t\t\t<\/div>\n\t\t\t\t\t<\/div>\n\t\t<\/div>\n\t\t\t\t\t<\/div>\n\t\t<\/section>\n\t\t\t\t<section class=\"elementor-section elementor-top-section elementor-element elementor-element-f28e7c3 elementor-section-boxed elementor-section-height-default elementor-section-height-default\" data-id=\"f28e7c3\" data-element_type=\"section\" data-e-type=\"section\">\n\t\t\t\t\t\t<div class=\"elementor-container elementor-column-gap-default\">\n\t\t\t\t\t<div class=\"elementor-column elementor-col-100 elementor-top-column elementor-element elementor-element-b4b2303\" data-id=\"b4b2303\" data-element_type=\"column\" data-e-type=\"column\">\n\t\t\t<div class=\"elementor-widget-wrap elementor-element-populated\">\n\t\t\t\t\t\t<div class=\"elementor-element elementor-element-cec2c53 elementor-widget__width-inherit elementor-widget elementor-widget-toggle\" data-id=\"cec2c53\" data-element_type=\"widget\" data-e-type=\"widget\" data-widget_type=\"toggle.default\">\n\t\t\t\t<div class=\"elementor-widget-container\">\n\t\t\t\t\t\t\t<div class=\"elementor-toggle\">\n\t\t\t\t\t\t\t<div class=\"elementor-toggle-item\">\n\t\t\t\t\t<div id=\"elementor-tab-title-2161\" class=\"elementor-tab-title\" data-tab=\"1\" role=\"button\" aria-controls=\"elementor-tab-content-2161\" aria-expanded=\"false\">\n\t\t\t\t\t\t\t\t\t\t\t\t<a class=\"elementor-toggle-title\" tabindex=\"0\">PROSECO (Processus Sociolinguistique de Compr\u00e9hension Orale)<\/a>\n\t\t\t\t\t<\/div>\n\n\t\t\t\t\t<div id=\"elementor-tab-content-2161\" class=\"elementor-tab-content elementor-clearfix\" data-tab=\"1\" role=\"region\" aria-labelledby=\"elementor-tab-title-2161\"><p style=\"text-align: justify;\">Le programme PROSECO se base sur une hypoth\u00e8se forte du groupe LTF, \u00e0 savoir que certains francophones natifs \u00e9prouvent des difficult\u00e9s \u00e0 comprendre de l\u2019oral en fran\u00e7ais, c\u2019est-\u00e0-dire dans leur propre langue. Les personnes concern\u00e9es par cette hypoth\u00e8se sont celles qui int\u00e9ressent plus particuli\u00e8rement notre groupe de recherche de fa\u00e7on g\u00e9n\u00e9rale : personnes en difficult\u00e9s d\u2019insertion sociale et\/ou professionnelle, faiblement ou moyennement scolaris\u00e9es (niveau infra Bac), salari\u00e9s faiblement ou non qualifi\u00e9s occupant des emplois d\u2019ex\u00e9cution dans les services ou l\u2019industrie, etc. Le programme PROSECO a pour objectif de mesurer cette ins\u00e9curit\u00e9 langagi\u00e8re en compr\u00e9hension orale par le biais d\u2019un protocole d\u2019exp\u00e9rimentation men\u00e9 aupr\u00e8s de personnes en parcours d\u2019insertion sociale et professionnelle. Le programme est en cours et nous avons d\u00e9j\u00e0 men\u00e9 l\u2019exp\u00e9rience avec plus de 150 personnes, gr\u00e2ce \u00e0 l\u2019appui du CLPS, un centre de formation pour adultes en Bretagne.<\/p><p>Responsables\u00a0et membres du projet : tout le groupe LTF<\/p><p>Financement\u00a0: projet autofinanc\u00e9.<\/p><p><a href=\"https:\/\/reseaultf.atilf.fr\/?p=1079\" target=\"_blank\" rel=\"noopener\"><em>Voir le test.<\/em><\/a><\/p><\/div>\n\t\t\t\t<\/div>\n\t\t\t\t\t\t\t<div class=\"elementor-toggle-item\">\n\t\t\t\t\t<div id=\"elementor-tab-title-2162\" class=\"elementor-tab-title\" data-tab=\"2\" role=\"button\" aria-controls=\"elementor-tab-content-2162\" aria-expanded=\"false\">\n\t\t\t\t\t\t\t\t\t\t\t\t<a class=\"elementor-toggle-title\" tabindex=\"0\">PALM (Processus d\u2019Acquisition Linguistique par les Migrants)<\/a>\n\t\t\t\t\t<\/div>\n\n\t\t\t\t\t<div id=\"elementor-tab-content-2162\" class=\"elementor-tab-content elementor-clearfix\" data-tab=\"2\" role=\"region\" aria-labelledby=\"elementor-tab-title-2162\"><p style=\"text-align: justify;\">La maitrise de la langue du pays d\u2019accueil repr\u00e9sente, pour les migrants, la condition incontournable d\u2019une int\u00e9gration facilit\u00e9e, du point de vue professionnel, social ou relationnel. En France, des dispositifs de formation linguistique pour les migrants primo-arrivants ont \u00e9t\u00e9 mis en place, par l\u2019Etat notamment. Mais pour les migrants, l\u2019acquisition du fran\u00e7ais s\u2019effectue autant en milieu social qu\u2019en formation. L\u2019objet de cette recherche est pr\u00e9cis\u00e9ment de mieux comprendre les modalit\u00e9s d\u2019acquisition de la langue en milieu social du point de vue des migrants. D\u2019une part, il s\u2019agit de rep\u00e9rer les m\u00e9canismes micro-sociaux qui favorisent l\u2019int\u00e9gration ou, au contraire, l\u2019exclusion. D\u2019autre part, cette recherche doit permettre d\u2019apporter des informations capitales pour la construction de d\u00e9marches et d\u2019outils pour le secteur professionnel de la formation linguistique des migrants.<\/p><p style=\"text-align: justify;\">Dans ce programme de recherche, des entretiens sont men\u00e9s avec des migrants primo-arrivants dans leur langue premi\u00e8re. Ces entretiens sont effectu\u00e9s par des traducteurs qui interviennent dans le cadre des journ\u00e9es de formation civique pr\u00e9vues par le Contrat d\u2019Int\u00e9gration R\u00e9publicaine (CIR) et organis\u00e9es localement dans la r\u00e9gion Grand Est par nos partenaires HESIO Conseil et International House Nancy. 100 entretiens sont pr\u00e9vus.<\/p><p>Responsable\u00a0du projet : Herv\u00e9 Adami<\/p><p>Membres du projet : Virginie Andr\u00e9 ; Anissa Hamza-Jamann ; Val\u00e9rie Langbach ; Guillaume Nassau ; Kossi Seto Yibokou<\/p><p style=\"text-align: justify;\">Financement : 10 000 euros (laboratoire ATILF, Maison des Sciences de l&rsquo;Homme Lorraine, P\u00f4le scientifique CLCS de l\u2019Universit\u00e9 de Lorraine et les partenaires du projet, HESIO Conseil et International House)<\/p><\/div>\n\t\t\t\t<\/div>\n\t\t\t\t\t\t\t<div class=\"elementor-toggle-item\">\n\t\t\t\t\t<div id=\"elementor-tab-title-2163\" class=\"elementor-tab-title\" data-tab=\"3\" role=\"button\" aria-controls=\"elementor-tab-content-2163\" aria-expanded=\"false\">\n\t\t\t\t\t\t\t\t\t\t\t\t<a class=\"elementor-toggle-title\" tabindex=\"0\">Apprentissage de la lecture et de l'\u00e9criture par le traitement automatique de la parole<\/a>\n\t\t\t\t\t<\/div>\n\n\t\t\t\t\t<div id=\"elementor-tab-content-2163\" class=\"elementor-tab-content elementor-clearfix\" data-tab=\"3\" role=\"region\" aria-labelledby=\"elementor-tab-title-2163\"><p style=\"text-align: justify;\">Nous travaillons sur un projet de recherche-d\u00e9veloppement qui a pour finalit\u00e9 de cr\u00e9er un outil num\u00e9rique (application Web transf\u00e9rable sur t\u00e9l\u00e9phone mobile) en acc\u00e8s libre et de concevoir une d\u00e9marche didactique d\u2019apprentissage de la lecture et de l\u2019\u00e9criture en s\u2019appuyant sur l\u2019exploitation de la synth\u00e8se et de la reconnaissance de la parole. Ce projet a pour objectif de construire des outils didactiques pour rem\u00e9dier au probl\u00e8me de l\u2019illettrisme mais \u00e9galement de l\u2019illectronisme. Le projet se d\u00e9roule sur 3 ans et il pr\u00e9voit plusieurs p\u00e9riodes de recueil de donn\u00e9es sur le terrain de la formation d\u2019adultes puis d\u2019analyse de ces donn\u00e9es avant de concevoir l\u2019outil, avec 2 phases d\u2019exp\u00e9rimentation aupr\u00e8s de 200 apprenants adultes. L\u2019outil est pr\u00e9vu pour des adultes francophones natifs et dans une optique professionnelle. Le porteur op\u00e9rationnel du projet\u00a0est un organisme de formation bas\u00e9 \u00e0 Nancy et nous en assurons la partie scientifique\u00a0:<\/p><p style=\"text-align: justify;\">Herv\u00e9 Adami, responsable du projet, (ATILF, universit\u00e9 de Lorraine), Virginie Andr\u00e9 (ATILF, universit\u00e9 de Lorraine), Mathieu Constant (ATILF, universit\u00e9 de Lorraine), Florence Mourlhon-Dallies (universit\u00e9 de Paris), Laurent Puren (universit\u00e9 de la R\u00e9union), membres du comit\u00e9 scientifique.<\/p><\/div>\n\t\t\t\t<\/div>\n\t\t\t\t\t\t\t<div class=\"elementor-toggle-item\">\n\t\t\t\t\t<div id=\"elementor-tab-title-2164\" class=\"elementor-tab-title\" data-tab=\"4\" role=\"button\" aria-controls=\"elementor-tab-content-2164\" aria-expanded=\"false\">\n\t\t\t\t\t\t\t\t\t\t\t\t<a class=\"elementor-toggle-title\" tabindex=\"0\">R\u00e9alit\u00e9 augment\u00e9e pour l\u2019apprentissage du fran\u00e7ais dans les m\u00e9tiers du BTP<\/a>\n\t\t\t\t\t<\/div>\n\n\t\t\t\t\t<div id=\"elementor-tab-content-2164\" class=\"elementor-tab-content elementor-clearfix\" data-tab=\"4\" role=\"region\" aria-labelledby=\"elementor-tab-title-2164\"><p style=\"text-align: justify;\">Il s\u2019agit d\u2019un projet d\u2019ing\u00e9nierie didactique et de recherche-action. L\u2019objectif est de concevoir des outils multimodaux de formation technique, dont la part langagi\u00e8re est incontournable, pour les m\u00e9tiers du b\u00e2timent. Cette action a \u00e9t\u00e9 mise en place avec des formateurs techniques du centre AFPA (Association pour la Formation Professionnelle des Adultes) de Nancy et a d\u00e9bouch\u00e9 sur la cr\u00e9ation de supports p\u00e9dagogiques qui ont \u00e9t\u00e9 mis en ligne sur le Portail FL2I (pour davantage d\u2019information sur cette action et sur les outils produits : <a href=\"https:\/\/fli.atilf.fr\/formation-aux-metiers-du-batiment\/\">https:\/\/fli.atilf.fr\/formation-aux-metiers-du-batiment\/<\/a>)<\/p><p style=\"text-align: justify;\">Ce projet d\u2019ing\u00e9nierie didactique nous permet dans le m\u00eame temps de nous approcher encore davantage du terrain de la formation professionnelle pour observer la place et le r\u00f4le de la part langagi\u00e8re des formations techniques et les modes d\u2019appropriation du fran\u00e7ais professionnel par des adultes, allophones en l\u2019occurrence, mais \u00e9galement francophones. Ce champ de recherche est une des bases du programme de recherche du groupe <em>Langage, Travail et Formation<\/em>.<\/p><p>Responsable\u00a0du projet : Camille Marty<\/p><p>Membres du projet\u00a0: Herv\u00e9 Adami\u00a0; Virginie Andr\u00e9<\/p><p>Financement\u00a0: projet autofinanc\u00e9<\/p><\/div>\n\t\t\t\t<\/div>\n\t\t\t\t\t\t\t\t<\/div>\n\t\t\t\t\t\t<\/div>\n\t\t\t\t<\/div>\n\t\t\t\t\t<\/div>\n\t\t<\/div>\n\t\t\t\t\t<\/div>\n\t\t<\/section>\n\t\t\t\t<section class=\"elementor-section elementor-top-section elementor-element elementor-element-e5c394b elementor-section-boxed elementor-section-height-default elementor-section-height-default\" data-id=\"e5c394b\" data-element_type=\"section\" data-e-type=\"section\">\n\t\t\t\t\t\t<div class=\"elementor-container elementor-column-gap-default\">\n\t\t\t\t\t<div class=\"elementor-column elementor-col-100 elementor-top-column elementor-element elementor-element-a2e94e1\" data-id=\"a2e94e1\" data-element_type=\"column\" data-e-type=\"column\">\n\t\t\t<div class=\"elementor-widget-wrap elementor-element-populated\">\n\t\t\t\t\t\t<div class=\"elementor-element elementor-element-cda4b36 elementor-widget elementor-widget-heading\" data-id=\"cda4b36\" data-element_type=\"widget\" data-e-type=\"widget\" data-widget_type=\"heading.default\">\n\t\t\t\t<div class=\"elementor-widget-container\">\n\t\t\t\t\t<h2 class=\"elementor-heading-title elementor-size-large\"><br>Projets pass\u00e9s<\/h2>\t\t\t\t<\/div>\n\t\t\t\t<\/div>\n\t\t\t\t\t<\/div>\n\t\t<\/div>\n\t\t\t\t\t<\/div>\n\t\t<\/section>\n\t\t\t\t<section class=\"elementor-section elementor-top-section elementor-element elementor-element-a2916af elementor-section-boxed elementor-section-height-default elementor-section-height-default\" data-id=\"a2916af\" data-element_type=\"section\" data-e-type=\"section\">\n\t\t\t\t\t\t<div class=\"elementor-container elementor-column-gap-default\">\n\t\t\t\t\t<div class=\"elementor-column elementor-col-100 elementor-top-column elementor-element elementor-element-4f32a28\" data-id=\"4f32a28\" data-element_type=\"column\" data-e-type=\"column\">\n\t\t\t<div class=\"elementor-widget-wrap elementor-element-populated\">\n\t\t\t\t\t\t<div class=\"elementor-element elementor-element-5326680 elementor-widget elementor-widget-button\" data-id=\"5326680\" data-element_type=\"widget\" data-e-type=\"widget\" data-widget_type=\"button.default\">\n\t\t\t\t<div class=\"elementor-widget-container\">\n\t\t\t\t\t\t\t\t\t<div class=\"elementor-button-wrapper\">\n\t\t\t\t\t<a class=\"elementor-button elementor-button-link elementor-size-sm\" href=\"https:\/\/reseaultf.atilf.fr\/?p=803\">\n\t\t\t\t\t\t<span class=\"elementor-button-content-wrapper\">\n\t\t\t\t\t\t\t\t\t<span class=\"elementor-button-text\">M\u00e9moire sociale et \u00e9criture<\/span>\n\t\t\t\t\t<\/span>\n\t\t\t\t\t<\/a>\n\t\t\t\t<\/div>\n\t\t\t\t\t\t\t\t<\/div>\n\t\t\t\t<\/div>\n\t\t\t\t\t<\/div>\n\t\t<\/div>\n\t\t\t\t\t<\/div>\n\t\t<\/section>\n\t\t\t\t<section class=\"elementor-section elementor-top-section elementor-element elementor-element-9702902 elementor-section-boxed elementor-section-height-default elementor-section-height-default\" data-id=\"9702902\" data-element_type=\"section\" data-e-type=\"section\">\n\t\t\t\t\t\t<div class=\"elementor-container elementor-column-gap-default\">\n\t\t\t\t\t<div class=\"elementor-column elementor-col-100 elementor-top-column elementor-element elementor-element-91dd295\" data-id=\"91dd295\" data-element_type=\"column\" data-e-type=\"column\">\n\t\t\t<div class=\"elementor-widget-wrap elementor-element-populated\">\n\t\t\t\t\t\t<div class=\"elementor-element elementor-element-dbc85e7 elementor-widget elementor-widget-button\" data-id=\"dbc85e7\" data-element_type=\"widget\" data-e-type=\"widget\" data-widget_type=\"button.default\">\n\t\t\t\t<div class=\"elementor-widget-container\">\n\t\t\t\t\t\t\t\t\t<div class=\"elementor-button-wrapper\">\n\t\t\t\t\t<a class=\"elementor-button elementor-button-link elementor-size-sm\" href=\"https:\/\/reseaultf.atilf.fr\/?p=433\">\n\t\t\t\t\t\t<span class=\"elementor-button-content-wrapper\">\n\t\t\t\t\t\t\t\t\t<span class=\"elementor-button-text\">Lexique des m\u00e9tiers de la propret\u00e9<\/span>\n\t\t\t\t\t<\/span>\n\t\t\t\t\t<\/a>\n\t\t\t\t<\/div>\n\t\t\t\t\t\t\t\t<\/div>\n\t\t\t\t<\/div>\n\t\t\t\t\t<\/div>\n\t\t<\/div>\n\t\t\t\t\t<\/div>\n\t\t<\/section>\n\t\t\t\t<section class=\"elementor-section elementor-top-section elementor-element elementor-element-7d4c1af elementor-section-boxed elementor-section-height-default elementor-section-height-default\" data-id=\"7d4c1af\" data-element_type=\"section\" data-e-type=\"section\">\n\t\t\t\t\t\t<div class=\"elementor-container elementor-column-gap-default\">\n\t\t\t\t\t<div class=\"elementor-column elementor-col-100 elementor-top-column elementor-element elementor-element-6fc28ba\" data-id=\"6fc28ba\" data-element_type=\"column\" data-e-type=\"column\">\n\t\t\t<div class=\"elementor-widget-wrap elementor-element-populated\">\n\t\t\t\t\t\t<div class=\"elementor-element elementor-element-5e8a9d7 elementor-widget elementor-widget-button\" data-id=\"5e8a9d7\" data-element_type=\"widget\" data-e-type=\"widget\" data-widget_type=\"button.default\">\n\t\t\t\t<div class=\"elementor-widget-container\">\n\t\t\t\t\t\t\t\t\t<div class=\"elementor-button-wrapper\">\n\t\t\t\t\t<a class=\"elementor-button elementor-button-link elementor-size-sm\" href=\"https:\/\/reseaultf.atilf.fr\/?p=504\">\n\t\t\t\t\t\t<span class=\"elementor-button-content-wrapper\">\n\t\t\t\t\t\t\t\t\t<span class=\"elementor-button-text\">Outils d'\u00e9valuation - M\u00e9tiers de la propret\u00e9<\/span>\n\t\t\t\t\t<\/span>\n\t\t\t\t\t<\/a>\n\t\t\t\t<\/div>\n\t\t\t\t\t\t\t\t<\/div>\n\t\t\t\t<\/div>\n\t\t\t\t\t<\/div>\n\t\t<\/div>\n\t\t\t\t\t<\/div>\n\t\t<\/section>\n\t\t\t\t<\/div>\n\t\t","protected":false},"excerpt":{"rendered":"<p>Projets en cours PROSECO (Processus Sociolinguistique de Compr\u00e9hension Orale) Le programme PROSECO se base sur une hypoth\u00e8se forte du groupe LTF, \u00e0 savoir que certains francophones natifs \u00e9prouvent des difficult\u00e9s \u00e0 comprendre de l\u2019oral en fran\u00e7ais, c\u2019est-\u00e0-dire dans leur propre &hellip; <a href=\"https:\/\/reseaultf.atilf.fr\/?page_id=1307\">Continuer la lecture <span class=\"meta-nav\">&rarr;<\/span><\/a><\/p>\n","protected":false},"author":2,"featured_media":0,"parent":0,"menu_order":0,"comment_status":"closed","ping_status":"closed","template":"","meta":{"footnotes":""},"class_list":["post-1307","page","type-page","status-publish","hentry"],"_links":{"self":[{"href":"https:\/\/reseaultf.atilf.fr\/index.php?rest_route=\/wp\/v2\/pages\/1307","targetHints":{"allow":["GET"]}}],"collection":[{"href":"https:\/\/reseaultf.atilf.fr\/index.php?rest_route=\/wp\/v2\/pages"}],"about":[{"href":"https:\/\/reseaultf.atilf.fr\/index.php?rest_route=\/wp\/v2\/types\/page"}],"author":[{"embeddable":true,"href":"https:\/\/reseaultf.atilf.fr\/index.php?rest_route=\/wp\/v2\/users\/2"}],"replies":[{"embeddable":true,"href":"https:\/\/reseaultf.atilf.fr\/index.php?rest_route=%2Fwp%2Fv2%2Fcomments&post=1307"}],"version-history":[{"count":80,"href":"https:\/\/reseaultf.atilf.fr\/index.php?rest_route=\/wp\/v2\/pages\/1307\/revisions"}],"predecessor-version":[{"id":1706,"href":"https:\/\/reseaultf.atilf.fr\/index.php?rest_route=\/wp\/v2\/pages\/1307\/revisions\/1706"}],"wp:attachment":[{"href":"https:\/\/reseaultf.atilf.fr\/index.php?rest_route=%2Fwp%2Fv2%2Fmedia&parent=1307"}],"curies":[{"name":"wp","href":"https:\/\/api.w.org\/{rel}","templated":true}]}}